{"id":15,"date":"2025-03-27T13:19:59","date_gmt":"2025-03-27T13:19:59","guid":{"rendered":"https:\/\/taste-koblenz.de\/?page_id=15"},"modified":"2026-03-27T15:40:07","modified_gmt":"2026-03-27T14:40:07","slug":"kontakt","status":"publish","type":"page","link":"https:\/\/taste-koblenz.de\/?page_id=15","title":{"rendered":"Kontakt"},"content":{"rendered":"\t\t<div data-elementor-type=\"wp-page\" data-elementor-id=\"15\" class=\"elementor elementor-15\" data-elementor-post-type=\"page\">\n\t\t\t\t<div class=\"elementor-element elementor-element-6936cc5 e-flex e-con-boxed e-con e-parent\" data-id=\"6936cc5\" data-element_type=\"container\" data-e-type=\"container\" data-settings=\"{&quot;background_background&quot;:&quot;classic&quot;}\">\n\t\t\t\t\t<div class=\"e-con-inner\">\n\t\t\t\t<div class=\"elementor-element elementor-element-5a1964e elementor-widget elementor-widget-heading\" data-id=\"5a1964e\" data-element_type=\"widget\" data-e-type=\"widget\" data-widget_type=\"heading.default\">\n\t\t\t\t<div class=\"elementor-widget-container\">\n\t\t\t\t\t<h2 class=\"elementor-heading-title elementor-size-default\">Kontakt<\/h2>\t\t\t\t<\/div>\n\t\t\t\t<\/div>\n\t\t\t\t\t<\/div>\n\t\t\t\t<\/div>\n\t\t<div class=\"elementor-element elementor-element-66f5f7a e-flex e-con-boxed e-con e-parent\" data-id=\"66f5f7a\" data-element_type=\"container\" data-e-type=\"container\">\n\t\t\t\t\t<div class=\"e-con-inner\">\n\t\t<div class=\"elementor-element elementor-element-b96496b e-con-full e-flex e-con e-child\" data-id=\"b96496b\" data-element_type=\"container\" data-e-type=\"container\">\n\t\t\t\t<div class=\"elementor-element elementor-element-1aaa757 elementor-widget elementor-widget-heading\" data-id=\"1aaa757\" data-element_type=\"widget\" data-e-type=\"widget\" data-widget_type=\"heading.default\">\n\t\t\t\t<div class=\"elementor-widget-container\">\n\t\t\t\t\t<h2 class=\"elementor-heading-title elementor-size-default\">Adresse f\u00fcr Ihre Navigation<\/h2>\t\t\t\t<\/div>\n\t\t\t\t<\/div>\n\t\t\t\t<div class=\"elementor-element elementor-element-3af99e3 elementor-widget elementor-widget-text-editor\" data-id=\"3af99e3\" data-element_type=\"widget\" data-e-type=\"widget\" data-widget_type=\"text-editor.default\">\n\t\t\t\t<div class=\"elementor-widget-container\">\n\t\t\t\t\t\t\t\t\t<p>EPG ARENA<br \/>Jupp-Gauchel-Stra\u00dfe 10<br \/>56075 Koblenz<\/p>\t\t\t\t\t\t\t\t<\/div>\n\t\t\t\t<\/div>\n\t\t\t\t<div class=\"elementor-element elementor-element-9c89db6 elementor-widget elementor-widget-heading\" data-id=\"9c89db6\" data-element_type=\"widget\" data-e-type=\"widget\" data-widget_type=\"heading.default\">\n\t\t\t\t<div class=\"elementor-widget-container\">\n\t\t\t\t\t<h2 class=\"elementor-heading-title elementor-size-default\">Parkm\u00f6glichkeiten<\/h2>\t\t\t\t<\/div>\n\t\t\t\t<\/div>\n\t\t\t\t<div class=\"elementor-element elementor-element-0600e42 elementor-widget elementor-widget-text-editor\" data-id=\"0600e42\" data-element_type=\"widget\" data-e-type=\"widget\" data-widget_type=\"text-editor.default\">\n\t\t\t\t<div class=\"elementor-widget-container\">\n\t\t\t\t\t\t\t\t\t<p><strong data-start=\"89\" data-end=\"116\">Unmittelbar vor der EPG ARENA<\/strong><br \/>(500 kostenpflichtige Parkpl\u00e4tze)<br \/><span class=\"relative -mx-px my-[-0.2rem] rounded px-px py-[0.2rem] transition-colors duration-100 ease-in-out\">In der direkten Umgebung der Halle gibt es <br \/>zus\u00e4tzliche Parkpl\u00e4tze, z. B. in den Stra\u00dfen <br \/>Laubach und Rheinau.<\/span><\/p>\t\t\t\t\t\t\t\t<\/div>\n\t\t\t\t<\/div>\n\t\t\t\t<div class=\"elementor-element elementor-element-8901034 elementor-widget elementor-widget-heading\" data-id=\"8901034\" data-element_type=\"widget\" data-e-type=\"widget\" data-widget_type=\"heading.default\">\n\t\t\t\t<div class=\"elementor-widget-container\">\n\t\t\t\t\t<h2 class=\"elementor-heading-title elementor-size-default\">\u00d6ffentliche Verkehrsmittel<\/h2>\t\t\t\t<\/div>\n\t\t\t\t<\/div>\n\t\t\t\t<div class=\"elementor-element elementor-element-4a8aca8 elementor-widget elementor-widget-text-editor\" data-id=\"4a8aca8\" data-element_type=\"widget\" data-e-type=\"widget\" data-widget_type=\"text-editor.default\">\n\t\t\t\t<div class=\"elementor-widget-container\">\n\t\t\t\t\t\t\t\t\t<p>Der Hauptbahnhof befindet sich ca. 15 bis 20 Gehminuten <br \/>von der EPG ARENA entfernt oder nutzen Sie die \u00f6ffentlichen Nahverkehrsbusse (\u00d6PNV).<\/p>\t\t\t\t\t\t\t\t<\/div>\n\t\t\t\t<\/div>\n\t\t\t\t<\/div>\n\t\t<div class=\"elementor-element elementor-element-2631627 e-con-full e-flex e-con e-child\" data-id=\"2631627\" data-element_type=\"container\" data-e-type=\"container\">\n\t\t\t\t<div class=\"elementor-element elementor-element-06185b1 elementor-widget elementor-widget-heading\" data-id=\"06185b1\" data-element_type=\"widget\" data-e-type=\"widget\" data-widget_type=\"heading.default\">\n\t\t\t\t<div class=\"elementor-widget-container\">\n\t\t\t\t\t<h2 class=\"elementor-heading-title elementor-size-default\">Service f\u00fcr Menschen mit Behinderung<\/h2>\t\t\t\t<\/div>\n\t\t\t\t<\/div>\n\t\t\t\t<div class=\"elementor-element elementor-element-9fab770 elementor-widget elementor-widget-text-editor\" data-id=\"9fab770\" data-element_type=\"widget\" data-e-type=\"widget\" data-widget_type=\"text-editor.default\">\n\t\t\t\t<div class=\"elementor-widget-container\">\n\t\t\t\t\t\t\t\t\t<p>Wir hei\u00dfen alle G\u00e4ste, einschlie\u00dflich derjenigen mit Mobilit\u00e4tseinschr\u00e4nkungen, herzlich willkommen.<\/p><p>Unser spezieller Begleitservice unterst\u00fctzt Sie gerne, um einen reibungslosen und angenehmen Messebesuch zu gew\u00e4hrleisten. Dieser Service ist selbstverst\u00e4ndlich kostenfrei.<\/p><p>F\u00fcr eine optimale Betreuung bitten wir um eine vorherige Ank\u00fcndigung Ihres Besuchs.<br \/>Kontaktieren Sie uns einfach unter <strong>0177-6825514<\/strong>, um alles Notwendige zu arrangieren<\/p>\t\t\t\t\t\t\t\t<\/div>\n\t\t\t\t<\/div>\n\t\t\t\t<div class=\"elementor-element elementor-element-6586179 elementor-widget elementor-widget-heading\" data-id=\"6586179\" data-element_type=\"widget\" data-e-type=\"widget\" data-widget_type=\"heading.default\">\n\t\t\t\t<div class=\"elementor-widget-container\">\n\t\t\t\t\t<h2 class=\"elementor-heading-title elementor-size-default\">Social Media<\/h2>\t\t\t\t<\/div>\n\t\t\t\t<\/div>\n\t\t\t\t<div class=\"elementor-element elementor-element-7c7aeeb elementor-shape-square e-grid-align-left elementor-grid-0 elementor-widget elementor-widget-social-icons\" data-id=\"7c7aeeb\" data-element_type=\"widget\" data-e-type=\"widget\" data-widget_type=\"social-icons.default\">\n\t\t\t\t<div class=\"elementor-widget-container\">\n\t\t\t\t\t\t\t<div class=\"elementor-social-icons-wrapper elementor-grid\" role=\"list\">\n\t\t\t\t\t\t\t<span class=\"elementor-grid-item\" role=\"listitem\">\n\t\t\t\t\t<a class=\"elementor-icon elementor-social-icon elementor-social-icon-facebook elementor-repeater-item-b58bd1e\" href=\"https:\/\/www.facebook.com\/profile.php?id=61581968215017\" target=\"_blank\">\n\t\t\t\t\t\t<span class=\"elementor-screen-only\">Facebook<\/span>\n\t\t\t\t\t\t<svg aria-hidden=\"true\" class=\"e-font-icon-svg e-fab-facebook\" viewBox=\"0 0 512 512\" xmlns=\"http:\/\/www.w3.org\/2000\/svg\"><path d=\"M504 256C504 119 393 8 256 8S8 119 8 256c0 123.78 90.69 226.38 209.25 245V327.69h-63V256h63v-54.64c0-62.15 37-96.48 93.67-96.48 27.14 0 55.52 4.84 55.52 4.84v61h-31.28c-30.8 0-40.41 19.12-40.41 38.73V256h68.78l-11 71.69h-57.78V501C413.31 482.38 504 379.78 504 256z\"><\/path><\/svg>\t\t\t\t\t<\/a>\n\t\t\t\t<\/span>\n\t\t\t\t\t\t\t<span class=\"elementor-grid-item\" role=\"listitem\">\n\t\t\t\t\t<a class=\"elementor-icon elementor-social-icon elementor-social-icon-instagram elementor-repeater-item-5d57947\" href=\"https:\/\/www.instagram.com\/taste_koblenz\/\" target=\"_blank\">\n\t\t\t\t\t\t<span class=\"elementor-screen-only\">Instagram<\/span>\n\t\t\t\t\t\t<svg aria-hidden=\"true\" class=\"e-font-icon-svg e-fab-instagram\" viewBox=\"0 0 448 512\" xmlns=\"http:\/\/www.w3.org\/2000\/svg\"><path d=\"M224.1 141c-63.6 0-114.9 51.3-114.9 114.9s51.3 114.9 114.9 114.9S339 319.5 339 255.9 287.7 141 224.1 141zm0 189.6c-41.1 0-74.7-33.5-74.7-74.7s33.5-74.7 74.7-74.7 74.7 33.5 74.7 74.7-33.6 74.7-74.7 74.7zm146.4-194.3c0 14.9-12 26.8-26.8 26.8-14.9 0-26.8-12-26.8-26.8s12-26.8 26.8-26.8 26.8 12 26.8 26.8zm76.1 27.2c-1.7-35.9-9.9-67.7-36.2-93.9-26.2-26.2-58-34.4-93.9-36.2-37-2.1-147.9-2.1-184.9 0-35.8 1.7-67.6 9.9-93.9 36.1s-34.4 58-36.2 93.9c-2.1 37-2.1 147.9 0 184.9 1.7 35.9 9.9 67.7 36.2 93.9s58 34.4 93.9 36.2c37 2.1 147.9 2.1 184.9 0 35.9-1.7 67.7-9.9 93.9-36.2 26.2-26.2 34.4-58 36.2-93.9 2.1-37 2.1-147.8 0-184.8zM398.8 388c-7.8 19.6-22.9 34.7-42.6 42.6-29.5 11.7-99.5 9-132.1 9s-102.7 2.6-132.1-9c-19.6-7.8-34.7-22.9-42.6-42.6-11.7-29.5-9-99.5-9-132.1s-2.6-102.7 9-132.1c7.8-19.6 22.9-34.7 42.6-42.6 29.5-11.7 99.5-9 132.1-9s102.7-2.6 132.1 9c19.6 7.8 34.7 22.9 42.6 42.6 11.7 29.5 9 99.5 9 132.1s2.7 102.7-9 132.1z\"><\/path><\/svg>\t\t\t\t\t<\/a>\n\t\t\t\t<\/span>\n\t\t\t\t\t<\/div>\n\t\t\t\t\t\t<\/div>\n\t\t\t\t<\/div>\n\t\t\t\t<\/div>\n\t\t\t\t\t<\/div>\n\t\t\t\t<\/div>\n\t\t<div class=\"elementor-element elementor-element-db9e580 e-flex e-con-boxed e-con e-parent\" data-id=\"db9e580\" data-element_type=\"container\" data-e-type=\"container\">\n\t\t\t\t\t<div class=\"e-con-inner\">\n\t\t\t\t<div class=\"elementor-element elementor-element-8a55671 elementor-widget elementor-widget-google_maps\" data-id=\"8a55671\" data-element_type=\"widget\" data-e-type=\"widget\" data-widget_type=\"google_maps.default\">\n\t\t\t\t<div class=\"elementor-widget-container\">\n\t\t\t\t\t\t\t<div class=\"elementor-custom-embed\">\n\t\t\t<iframe loading=\"lazy\"\n\t\t\t\t\tsrc=\"https:\/\/maps.google.com\/maps?q=EPG%20ARENA%20Jupp-Gauchel-Stra%C3%9Fe%2010%2056075%20Koblenz&#038;t=m&#038;z=14&#038;output=embed&#038;iwloc=near\"\n\t\t\t\t\ttitle=\"EPG ARENA Jupp-Gauchel-Stra\u00dfe 10 56075 Koblenz\"\n\t\t\t\t\taria-label=\"EPG ARENA Jupp-Gauchel-Stra\u00dfe 10 56075 Koblenz\"\n\t\t\t><\/iframe>\n\t\t<\/div>\n\t\t\t\t\t\t<\/div>\n\t\t\t\t<\/div>\n\t\t\t\t\t<\/div>\n\t\t\t\t<\/div>\n\t\t\t\t<\/div>\n\t\t","protected":false},"excerpt":{"rendered":"<p>Kontakt Adresse f\u00fcr Ihre Navigation EPG ARENAJupp-Gauchel-Stra\u00dfe 1056075 Koblenz Parkm\u00f6glichkeiten Unmittelbar vor der EPG ARENA(500 kostenpflichtige Parkpl\u00e4tze)In der direkten Umgebung der Halle gibt es zus\u00e4tzliche Parkpl\u00e4tze, z. B. in den Stra\u00dfen Laubach und Rheinau. \u00d6ffentliche Verkehrsmittel Der Hauptbahnhof befindet sich ca. 15 bis 20 Gehminuten von der EPG ARENA entfernt oder nutzen Sie die \u00f6ffentlichen [&hellip;]<\/p>\n","protected":false},"author":1,"featured_media":0,"parent":0,"menu_order":0,"comment_status":"closed","ping_status":"closed","template":"","meta":{"footnotes":""},"class_list":["post-15","page","type-page","status-publish","hentry"],"yoast_head":"<!-- This site is optimized with the Yoast SEO plugin v27.3 - https:\/\/yoast.com\/product\/yoast-seo-wordpress\/ -->\n<title>Kontakt - Food- &amp; Genussmesse Koblenz<\/title>\n<meta name=\"robots\" content=\"index, follow, max-snippet:-1, max-image-preview:large, max-video-preview:-1\" \/>\n<link rel=\"canonical\" href=\"https:\/\/taste-koblenz.de\/?page_id=15\" \/>\n<meta property=\"og:locale\" content=\"de_DE\" \/>\n<meta property=\"og:type\" content=\"article\" \/>\n<meta property=\"og:title\" content=\"Kontakt - Food- &amp; Genussmesse Koblenz\" \/>\n<meta property=\"og:description\" content=\"Kontakt Adresse f\u00fcr Ihre Navigation EPG ARENAJupp-Gauchel-Stra\u00dfe 1056075 Koblenz Parkm\u00f6glichkeiten Unmittelbar vor der EPG ARENA(500 kostenpflichtige Parkpl\u00e4tze)In der direkten Umgebung der Halle gibt es zus\u00e4tzliche Parkpl\u00e4tze, z. B. in den Stra\u00dfen Laubach und Rheinau. \u00d6ffentliche Verkehrsmittel Der Hauptbahnhof befindet sich ca. 15 bis 20 Gehminuten von der EPG ARENA entfernt oder nutzen Sie die \u00f6ffentlichen [&hellip;]\" \/>\n<meta property=\"og:url\" content=\"https:\/\/taste-koblenz.de\/?page_id=15\" \/>\n<meta property=\"og:site_name\" content=\"Food- &amp; Genussmesse Koblenz\" \/>\n<meta property=\"article:modified_time\" content=\"2026-03-27T14:40:07+00:00\" \/>\n<meta name=\"twitter:card\" content=\"summary_large_image\" \/>\n<meta name=\"twitter:label1\" content=\"Gesch\u00e4tzte Lesezeit\" \/>\n\t<meta name=\"twitter:data1\" content=\"1\u00a0Minute\" \/>\n<script type=\"application\/ld+json\" class=\"yoast-schema-graph\">{\"@context\":\"https:\\\/\\\/schema.org\",\"@graph\":[{\"@type\":\"WebPage\",\"@id\":\"https:\\\/\\\/taste-koblenz.de\\\/?page_id=15\",\"url\":\"https:\\\/\\\/taste-koblenz.de\\\/?page_id=15\",\"name\":\"Kontakt - Food- &amp; Genussmesse Koblenz\",\"isPartOf\":{\"@id\":\"https:\\\/\\\/taste-koblenz.de\\\/#website\"},\"datePublished\":\"2025-03-27T13:19:59+00:00\",\"dateModified\":\"2026-03-27T14:40:07+00:00\",\"breadcrumb\":{\"@id\":\"https:\\\/\\\/taste-koblenz.de\\\/?page_id=15#breadcrumb\"},\"inLanguage\":\"de\",\"potentialAction\":[{\"@type\":\"ReadAction\",\"target\":[\"https:\\\/\\\/taste-koblenz.de\\\/?page_id=15\"]}]},{\"@type\":\"BreadcrumbList\",\"@id\":\"https:\\\/\\\/taste-koblenz.de\\\/?page_id=15#breadcrumb\",\"itemListElement\":[{\"@type\":\"ListItem\",\"position\":1,\"name\":\"Startseite\",\"item\":\"https:\\\/\\\/taste-koblenz.de\\\/\"},{\"@type\":\"ListItem\",\"position\":2,\"name\":\"Kontakt\"}]},{\"@type\":\"WebSite\",\"@id\":\"https:\\\/\\\/taste-koblenz.de\\\/#website\",\"url\":\"https:\\\/\\\/taste-koblenz.de\\\/\",\"name\":\"Food- &amp; Genussmesse Koblenz\",\"description\":\"\",\"potentialAction\":[{\"@type\":\"SearchAction\",\"target\":{\"@type\":\"EntryPoint\",\"urlTemplate\":\"https:\\\/\\\/taste-koblenz.de\\\/?s={search_term_string}\"},\"query-input\":{\"@type\":\"PropertyValueSpecification\",\"valueRequired\":true,\"valueName\":\"search_term_string\"}}],\"inLanguage\":\"de\"}]}<\/script>\n<!-- \/ Yoast SEO plugin. -->","yoast_head_json":{"title":"Kontakt - Food- &amp; Genussmesse Koblenz","robots":{"index":"index","follow":"follow","max-snippet":"max-snippet:-1","max-image-preview":"max-image-preview:large","max-video-preview":"max-video-preview:-1"},"canonical":"https:\/\/taste-koblenz.de\/?page_id=15","og_locale":"de_DE","og_type":"article","og_title":"Kontakt - Food- &amp; Genussmesse Koblenz","og_description":"Kontakt Adresse f\u00fcr Ihre Navigation EPG ARENAJupp-Gauchel-Stra\u00dfe 1056075 Koblenz Parkm\u00f6glichkeiten Unmittelbar vor der EPG ARENA(500 kostenpflichtige Parkpl\u00e4tze)In der direkten Umgebung der Halle gibt es zus\u00e4tzliche Parkpl\u00e4tze, z. B. in den Stra\u00dfen Laubach und Rheinau. \u00d6ffentliche Verkehrsmittel Der Hauptbahnhof befindet sich ca. 15 bis 20 Gehminuten von der EPG ARENA entfernt oder nutzen Sie die \u00f6ffentlichen [&hellip;]","og_url":"https:\/\/taste-koblenz.de\/?page_id=15","og_site_name":"Food- &amp; Genussmesse Koblenz","article_modified_time":"2026-03-27T14:40:07+00:00","twitter_card":"summary_large_image","twitter_misc":{"Gesch\u00e4tzte Lesezeit":"1\u00a0Minute"},"schema":{"@context":"https:\/\/schema.org","@graph":[{"@type":"WebPage","@id":"https:\/\/taste-koblenz.de\/?page_id=15","url":"https:\/\/taste-koblenz.de\/?page_id=15","name":"Kontakt - Food- &amp; Genussmesse Koblenz","isPartOf":{"@id":"https:\/\/taste-koblenz.de\/#website"},"datePublished":"2025-03-27T13:19:59+00:00","dateModified":"2026-03-27T14:40:07+00:00","breadcrumb":{"@id":"https:\/\/taste-koblenz.de\/?page_id=15#breadcrumb"},"inLanguage":"de","potentialAction":[{"@type":"ReadAction","target":["https:\/\/taste-koblenz.de\/?page_id=15"]}]},{"@type":"BreadcrumbList","@id":"https:\/\/taste-koblenz.de\/?page_id=15#breadcrumb","itemListElement":[{"@type":"ListItem","position":1,"name":"Startseite","item":"https:\/\/taste-koblenz.de\/"},{"@type":"ListItem","position":2,"name":"Kontakt"}]},{"@type":"WebSite","@id":"https:\/\/taste-koblenz.de\/#website","url":"https:\/\/taste-koblenz.de\/","name":"Food- &amp; Genussmesse Koblenz","description":"","potentialAction":[{"@type":"SearchAction","target":{"@type":"EntryPoint","urlTemplate":"https:\/\/taste-koblenz.de\/?s={search_term_string}"},"query-input":{"@type":"PropertyValueSpecification","valueRequired":true,"valueName":"search_term_string"}}],"inLanguage":"de"}]}},"_links":{"self":[{"href":"https:\/\/taste-koblenz.de\/index.php?rest_route=\/wp\/v2\/pages\/15","targetHints":{"allow":["GET"]}}],"collection":[{"href":"https:\/\/taste-koblenz.de\/index.php?rest_route=\/wp\/v2\/pages"}],"about":[{"href":"https:\/\/taste-koblenz.de\/index.php?rest_route=\/wp\/v2\/types\/page"}],"author":[{"embeddable":true,"href":"https:\/\/taste-koblenz.de\/index.php?rest_route=\/wp\/v2\/users\/1"}],"replies":[{"embeddable":true,"href":"https:\/\/taste-koblenz.de\/index.php?rest_route=%2Fwp%2Fv2%2Fcomments&post=15"}],"version-history":[{"count":22,"href":"https:\/\/taste-koblenz.de\/index.php?rest_route=\/wp\/v2\/pages\/15\/revisions"}],"predecessor-version":[{"id":745,"href":"https:\/\/taste-koblenz.de\/index.php?rest_route=\/wp\/v2\/pages\/15\/revisions\/745"}],"wp:attachment":[{"href":"https:\/\/taste-koblenz.de\/index.php?rest_route=%2Fwp%2Fv2%2Fmedia&parent=15"}],"curies":[{"name":"wp","href":"https:\/\/api.w.org\/{rel}","templated":true}]}}