{"id":11,"date":"2025-03-27T13:19:03","date_gmt":"2025-03-27T13:19:03","guid":{"rendered":"https:\/\/taste-koblenz.de\/?page_id=11"},"modified":"2026-03-27T15:38:41","modified_gmt":"2026-03-27T14:38:41","slug":"home","status":"publish","type":"page","link":"https:\/\/taste-koblenz.de\/","title":{"rendered":"Home"},"content":{"rendered":"\t\t<div data-elementor-type=\"wp-page\" data-elementor-id=\"11\" class=\"elementor elementor-11\" data-elementor-post-type=\"page\">\n\t\t\t\t<div class=\"elementor-element elementor-element-0be7cad e-con-full e-flex e-con e-parent\" data-id=\"0be7cad\" data-element_type=\"container\" data-e-type=\"container\" data-settings=\"{&quot;background_background&quot;:&quot;classic&quot;}\">\n\t\t<div class=\"elementor-element elementor-element-29ebe5f e-con-full e-flex e-con e-child\" data-id=\"29ebe5f\" data-element_type=\"container\" data-e-type=\"container\">\n\t\t\t\t<div class=\"elementor-element elementor-element-30f2dc0 elementor-widget elementor-widget-heading\" data-id=\"30f2dc0\" data-element_type=\"widget\" data-e-type=\"widget\" data-widget_type=\"heading.default\">\n\t\t\t\t<div class=\"elementor-widget-container\">\n\t\t\t\t\t<h1 class=\"elementor-heading-title elementor-size-default\">Die <br>Food &amp; Genussmesse<\/h1>\t\t\t\t<\/div>\n\t\t\t\t<\/div>\n\t\t\t\t<\/div>\n\t\t\t\t<\/div>\n\t\t<div class=\"elementor-element elementor-element-bf8b256 e-flex e-con-boxed e-con e-parent\" data-id=\"bf8b256\" data-element_type=\"container\" data-e-type=\"container\" data-settings=\"{&quot;background_background&quot;:&quot;classic&quot;,&quot;background_motion_fx_motion_fx_scrolling&quot;:&quot;yes&quot;,&quot;background_motion_fx_translateY_effect&quot;:&quot;yes&quot;,&quot;background_motion_fx_translateY_direction&quot;:&quot;negative&quot;,&quot;background_motion_fx_translateY_affectedRange&quot;:{&quot;unit&quot;:&quot;%&quot;,&quot;size&quot;:&quot;&quot;,&quot;sizes&quot;:{&quot;start&quot;:22,&quot;end&quot;:92}},&quot;background_motion_fx_opacity_effect&quot;:&quot;yes&quot;,&quot;background_motion_fx_opacity_direction&quot;:&quot;in-out-in&quot;,&quot;background_motion_fx_opacity_level&quot;:{&quot;unit&quot;:&quot;px&quot;,&quot;size&quot;:9.0999999999999996,&quot;sizes&quot;:[]},&quot;background_motion_fx_opacity_range&quot;:{&quot;unit&quot;:&quot;%&quot;,&quot;size&quot;:&quot;&quot;,&quot;sizes&quot;:{&quot;start&quot;:45,&quot;end&quot;:83}},&quot;background_motion_fx_translateY_speed&quot;:{&quot;unit&quot;:&quot;px&quot;,&quot;size&quot;:4,&quot;sizes&quot;:[]},&quot;background_motion_fx_devices&quot;:[&quot;desktop&quot;,&quot;tablet&quot;,&quot;mobile&quot;]}\">\n\t\t\t\t\t<div class=\"e-con-inner\">\n\t\t<div class=\"elementor-element elementor-element-81b719f e-con-full e-flex e-con e-child\" data-id=\"81b719f\" data-element_type=\"container\" data-e-type=\"container\">\n\t\t\t\t<div class=\"elementor-element elementor-element-26a1240 elementor-widget elementor-widget-heading\" data-id=\"26a1240\" data-element_type=\"widget\" data-e-type=\"widget\" data-widget_type=\"heading.default\">\n\t\t\t\t<div class=\"elementor-widget-container\">\n\t\t\t\t\t<h2 class=\"elementor-heading-title elementor-size-default\">Die Food &amp; Genussmesse<\/h2>\t\t\t\t<\/div>\n\t\t\t\t<\/div>\n\t\t\t\t<div class=\"elementor-element elementor-element-dceaaae elementor-widget elementor-widget-text-editor\" data-id=\"dceaaae\" data-element_type=\"widget\" data-e-type=\"widget\" data-widget_type=\"text-editor.default\">\n\t\t\t\t<div class=\"elementor-widget-container\">\n\t\t\t\t\t\t\t\t\t<p><strong>Entdecken. Probieren. Genie\u00dfen.<\/strong><\/p><p>Die erste gro\u00dfe Food- &amp; Genussmesse der Region feiert Premiere \u2013 mit allem, was das Herz von Feinschmeckern, Genussliebhabern und Kulinarik-Fans h\u00f6herschlagen l\u00e4sst.<\/p><p><strong>Zwei Tage voller Geschmack, Vielfalt und Inspiration.<\/strong><br \/>Von handverlesenen Spezialit\u00e4ten \u00fcber edle Tropfen bis hin zu kleinen Manufakturen, die mit Herzblut produzieren \u2013\u00a0<em>Taste Koblenz<\/em>\u00a0bringt das Beste aus der Welt des Essens und Trinkens zusammen. Entdecken Sie neue Aromen, sprechen Sie mit den Menschen hinter den Produkten und lassen Sie sich treiben \u2013 durch einen Marktplatz des guten Geschmacks.<\/p><p>In unserer\u00a0<strong>Foodecke<\/strong>\u00a0genie\u00dfen Sie in entspannter Atmosph\u00e4re eine Pause vom Trubel \u2013 mit einem Glas Wein, kleinen Leckereien und musikalischem Flair.<\/p><p><em>\u201eTaste Koblenz ist kein gew\u00f6hnlicher Messebesuch. Es ist ein genussvoller Kurzurlaub f\u00fcr alle Sinne.\u201c<\/em><\/p>\t\t\t\t\t\t\t\t<\/div>\n\t\t\t\t<\/div>\n\t\t\t\t<\/div>\n\t\t<div class=\"elementor-element elementor-element-11adb6c e-con-full e-flex e-con e-child\" data-id=\"11adb6c\" data-element_type=\"container\" data-e-type=\"container\">\n\t\t\t\t<div class=\"elementor-element elementor-element-02915f9 elementor-widget elementor-widget-image\" data-id=\"02915f9\" data-element_type=\"widget\" data-e-type=\"widget\" data-widget_type=\"image.default\">\n\t\t\t\t<div class=\"elementor-widget-container\">\n\t\t\t\t\t\t\t\t\t\t\t\t\t\t\t<img fetchpriority=\"high\" decoding=\"async\" width=\"683\" height=\"1024\" src=\"https:\/\/taste-koblenz.de\/wp-content\/uploads\/2025\/07\/gute-prasentation-der-pizza-683x1024.webp\" class=\"attachment-large size-large wp-image-92\" alt=\"\" srcset=\"https:\/\/taste-koblenz.de\/wp-content\/uploads\/2025\/07\/gute-prasentation-der-pizza-683x1024.webp 683w, https:\/\/taste-koblenz.de\/wp-content\/uploads\/2025\/07\/gute-prasentation-der-pizza-200x300.webp 200w, https:\/\/taste-koblenz.de\/wp-content\/uploads\/2025\/07\/gute-prasentation-der-pizza-768x1152.webp 768w, https:\/\/taste-koblenz.de\/wp-content\/uploads\/2025\/07\/gute-prasentation-der-pizza.webp 800w\" sizes=\"(max-width: 683px) 100vw, 683px\" \/>\t\t\t\t\t\t\t\t\t\t\t\t\t\t\t<\/div>\n\t\t\t\t<\/div>\n\t\t\t\t<\/div>\n\t\t\t\t\t<\/div>\n\t\t\t\t<\/div>\n\t\t<div class=\"elementor-element elementor-element-303937e e-flex e-con-boxed e-con e-parent\" data-id=\"303937e\" data-element_type=\"container\" data-e-type=\"container\">\n\t\t\t\t\t<div class=\"e-con-inner\">\n\t\t<div class=\"elementor-element elementor-element-09695f0 e-con-full e-flex e-con e-child\" data-id=\"09695f0\" data-element_type=\"container\" data-e-type=\"container\">\n\t\t\t\t<div class=\"elementor-element elementor-element-1866c1d cinema-script elementor-widget elementor-widget-heading\" data-id=\"1866c1d\" data-element_type=\"widget\" data-e-type=\"widget\" data-widget_type=\"heading.default\">\n\t\t\t\t<div class=\"elementor-widget-container\">\n\t\t\t\t\t<h2 class=\"elementor-heading-title elementor-size-default\"><span style=\"font-family:Times New\">Messehighlights \u2013 Das erwartet Sie bei<\/span><span style=\"color:#f6a118;font-size:40px\"> Taste<\/h2>\t\t\t\t<\/div>\n\t\t\t\t<\/div>\n\t\t\t\t<div class=\"elementor-element elementor-element-a93a48a elementor-widget elementor-widget-text-editor\" data-id=\"a93a48a\" data-element_type=\"widget\" data-e-type=\"widget\" data-widget_type=\"text-editor.default\">\n\t\t\t\t<div class=\"elementor-widget-container\">\n\t\t\t\t\t\t\t\t\t<p><strong>Marktplatz der Gen\u00fcsse:<\/strong>\u00a0Entdecken Sie handverlesene Delikatessen, nachhaltige Lebensmittel, edle Weine, Craft-Biere und Spirituosen.<\/p><p><strong>Live-Charakter direkt an den St\u00e4nden:<\/strong>\u00a0Aussteller laden zum Probieren, Mitmachen, Zuschauen und Genie\u00dfen ein \u2013 ganz pers\u00f6nlich, ganz individuell.<\/p><p><strong>Die Foodecke:<\/strong>\u00a0Zur\u00fccklehnen, genie\u00dfen, Wein trinken. Eine Lounge zum Abschalten mitten im Geschehen.<\/p><p><strong>Musikalische Atmosph\u00e4re:<\/strong>\u00a0Angenehme Hintergrundmusik und kleine Akzente sorgen f\u00fcr die richtige Stimmung.<\/p><p><strong>Menschen mit Leidenschaft:<\/strong>\u00a0Hier trifft man nicht nur Produkte, sondern die Macher dahinter \u2013 f\u00fcr ehrliche Gespr\u00e4che, spannende Geschichten und neue Lieblingsgeschm\u00e4cker.<\/p>\t\t\t\t\t\t\t\t<\/div>\n\t\t\t\t<\/div>\n\t\t\t\t<\/div>\n\t\t<div class=\"elementor-element elementor-element-1764c69 e-con-full e-flex e-con e-child\" data-id=\"1764c69\" data-element_type=\"container\" data-e-type=\"container\">\n\t\t\t\t<div class=\"elementor-element elementor-element-2b8d6dc elementor-widget elementor-widget-video\" data-id=\"2b8d6dc\" data-element_type=\"widget\" data-e-type=\"widget\" data-settings=\"{&quot;video_type&quot;:&quot;hosted&quot;}\" data-widget_type=\"video.default\">\n\t\t\t\t<div class=\"elementor-widget-container\">\n\t\t\t\t\t\t\t<div class=\"e-hosted-video elementor-wrapper elementor-open-inline\">\n\t\t\t\t\t<video class=\"elementor-video\" src=\"https:\/\/taste-koblenz.de\/wp-content\/uploads\/2025\/07\/2417180_Feast_Festival_1280x720.mp4\" preload=\"metadata\" controlsList=\"nodownload\" poster=\"https:\/\/taste-koblenz.de\/wp-content\/uploads\/2025\/07\/Food_in_Boxes.webp\"><\/video>\n\t\t\t\t<\/div>\n\t\t\t\t\t\t<\/div>\n\t\t\t\t<\/div>\n\t\t\t\t<\/div>\n\t\t\t\t\t<\/div>\n\t\t\t\t<\/div>\n\t\t<div class=\"elementor-element elementor-element-db61e63 e-flex e-con-boxed e-con e-parent\" data-id=\"db61e63\" data-element_type=\"container\" data-e-type=\"container\" data-settings=\"{&quot;background_background&quot;:&quot;classic&quot;}\">\n\t\t\t\t\t<div class=\"e-con-inner\">\n\t\t\t\t<div class=\"elementor-element elementor-element-55be0c3 cinema-script elementor-widget elementor-widget-heading\" data-id=\"55be0c3\" data-element_type=\"widget\" data-e-type=\"widget\" data-widget_type=\"heading.default\">\n\t\t\t\t<div class=\"elementor-widget-container\">\n\t\t\t\t\t<h2 class=\"elementor-heading-title elementor-size-default\"> Das <span style=\"color:#f6a118\"> Messeteam<\/h2>\t\t\t\t<\/div>\n\t\t\t\t<\/div>\n\t\t<div class=\"elementor-element elementor-element-44576bd e-con-full e-flex e-con e-child\" data-id=\"44576bd\" data-element_type=\"container\" data-e-type=\"container\">\n\t\t<div class=\"elementor-element elementor-element-b5469c8 e-con-full e-flex e-con e-child\" data-id=\"b5469c8\" data-element_type=\"container\" data-e-type=\"container\" data-settings=\"{&quot;background_background&quot;:&quot;classic&quot;}\">\n\t\t\t\t<div class=\"elementor-element elementor-element-a59dd2e elementor-position-top elementor-widget elementor-widget-image-box\" data-id=\"a59dd2e\" data-element_type=\"widget\" data-e-type=\"widget\" data-widget_type=\"image-box.default\">\n\t\t\t\t<div class=\"elementor-widget-container\">\n\t\t\t\t\t<div class=\"elementor-image-box-wrapper\"><figure class=\"elementor-image-box-img\"><img decoding=\"async\" width=\"240\" height=\"300\" src=\"https:\/\/taste-koblenz.de\/wp-content\/uploads\/2026\/02\/Davina-Schneberger-240x300.png\" class=\"attachment-medium size-medium wp-image-730\" alt=\"\" srcset=\"https:\/\/taste-koblenz.de\/wp-content\/uploads\/2026\/02\/Davina-Schneberger-240x300.png 240w, https:\/\/taste-koblenz.de\/wp-content\/uploads\/2026\/02\/Davina-Schneberger-819x1024.png 819w, https:\/\/taste-koblenz.de\/wp-content\/uploads\/2026\/02\/Davina-Schneberger-768x960.png 768w, https:\/\/taste-koblenz.de\/wp-content\/uploads\/2026\/02\/Davina-Schneberger.png 1080w\" sizes=\"(max-width: 240px) 100vw, 240px\" \/><\/figure><div class=\"elementor-image-box-content\"><h3 class=\"elementor-image-box-title\">Davina Schneberger<\/h3><p class=\"elementor-image-box-description\">Veranstalterin<\/p><\/div><\/div>\t\t\t\t<\/div>\n\t\t\t\t<\/div>\n\t\t\t\t<\/div>\n\t\t<div class=\"elementor-element elementor-element-ab5ed9f e-con-full e-flex e-con e-child\" data-id=\"ab5ed9f\" data-element_type=\"container\" data-e-type=\"container\" data-settings=\"{&quot;background_background&quot;:&quot;classic&quot;}\">\n\t\t\t\t<div class=\"elementor-element elementor-element-a40520b elementor-position-top elementor-widget elementor-widget-image-box\" data-id=\"a40520b\" data-element_type=\"widget\" data-e-type=\"widget\" data-widget_type=\"image-box.default\">\n\t\t\t\t<div class=\"elementor-widget-container\">\n\t\t\t\t\t<div class=\"elementor-image-box-wrapper\"><figure class=\"elementor-image-box-img\"><img decoding=\"async\" width=\"200\" height=\"300\" src=\"https:\/\/taste-koblenz.de\/wp-content\/uploads\/2026\/02\/Jan-Schneberger-200x300.png\" class=\"attachment-medium size-medium wp-image-731\" alt=\"\" srcset=\"https:\/\/taste-koblenz.de\/wp-content\/uploads\/2026\/02\/Jan-Schneberger-200x300.png 200w, https:\/\/taste-koblenz.de\/wp-content\/uploads\/2026\/02\/Jan-Schneberger-683x1024.png 683w, https:\/\/taste-koblenz.de\/wp-content\/uploads\/2026\/02\/Jan-Schneberger-768x1152.png 768w, https:\/\/taste-koblenz.de\/wp-content\/uploads\/2026\/02\/Jan-Schneberger.png 1024w\" sizes=\"(max-width: 200px) 100vw, 200px\" \/><\/figure><div class=\"elementor-image-box-content\"><h3 class=\"elementor-image-box-title\">Jan Schneberger<\/h3><p class=\"elementor-image-box-description\">Veranstaltungskoordination<\/p><\/div><\/div>\t\t\t\t<\/div>\n\t\t\t\t<\/div>\n\t\t\t\t<\/div>\n\t\t\t\t<\/div>\n\t\t\t\t\t<\/div>\n\t\t\t\t<\/div>\n\t\t\t\t<\/div>\n\t\t","protected":false},"excerpt":{"rendered":"<p>Die Food &amp; Genussmesse Die Food &amp; Genussmesse Entdecken. Probieren. Genie\u00dfen. Die erste gro\u00dfe Food- &amp; Genussmesse der Region feiert Premiere \u2013 mit allem, was das Herz von Feinschmeckern, Genussliebhabern und Kulinarik-Fans h\u00f6herschlagen l\u00e4sst. Zwei Tage voller Geschmack, Vielfalt und Inspiration.Von handverlesenen Spezialit\u00e4ten \u00fcber edle Tropfen bis hin zu kleinen Manufakturen, die mit Herzblut produzieren [&hellip;]<\/p>\n","protected":false},"author":1,"featured_media":0,"parent":0,"menu_order":0,"comment_status":"closed","ping_status":"closed","template":"","meta":{"footnotes":""},"class_list":["post-11","page","type-page","status-publish","hentry"],"yoast_head":"<!-- This site is optimized with the Yoast SEO plugin v27.3 - https:\/\/yoast.com\/product\/yoast-seo-wordpress\/ -->\n<title>Home - Food- &amp; Genussmesse Koblenz<\/title>\n<meta name=\"robots\" content=\"index, follow, max-snippet:-1, max-image-preview:large, max-video-preview:-1\" \/>\n<link rel=\"canonical\" href=\"https:\/\/taste-koblenz.de\/\" \/>\n<meta property=\"og:locale\" content=\"de_DE\" \/>\n<meta property=\"og:type\" content=\"article\" \/>\n<meta property=\"og:title\" content=\"Home - Food- &amp; Genussmesse Koblenz\" \/>\n<meta property=\"og:description\" content=\"Die Food &amp; Genussmesse Die Food &amp; Genussmesse Entdecken. Probieren. Genie\u00dfen. Die erste gro\u00dfe Food- &amp; Genussmesse der Region feiert Premiere \u2013 mit allem, was das Herz von Feinschmeckern, Genussliebhabern und Kulinarik-Fans h\u00f6herschlagen l\u00e4sst. Zwei Tage voller Geschmack, Vielfalt und Inspiration.Von handverlesenen Spezialit\u00e4ten \u00fcber edle Tropfen bis hin zu kleinen Manufakturen, die mit Herzblut produzieren [&hellip;]\" \/>\n<meta property=\"og:url\" content=\"https:\/\/taste-koblenz.de\/\" \/>\n<meta property=\"og:site_name\" content=\"Food- &amp; Genussmesse Koblenz\" \/>\n<meta property=\"article:modified_time\" content=\"2026-03-27T14:38:41+00:00\" \/>\n<meta property=\"og:image\" content=\"https:\/\/taste-koblenz.de\/wp-content\/uploads\/2025\/07\/gute-prasentation-der-pizza.webp\" \/>\n\t<meta property=\"og:image:width\" content=\"800\" \/>\n\t<meta property=\"og:image:height\" content=\"1200\" \/>\n\t<meta property=\"og:image:type\" content=\"image\/webp\" \/>\n<meta name=\"twitter:card\" content=\"summary_large_image\" \/>\n<meta name=\"twitter:label1\" content=\"Gesch\u00e4tzte Lesezeit\" \/>\n\t<meta name=\"twitter:data1\" content=\"2\u00a0Minuten\" \/>\n<script type=\"application\/ld+json\" class=\"yoast-schema-graph\">{\"@context\":\"https:\\\/\\\/schema.org\",\"@graph\":[{\"@type\":\"WebPage\",\"@id\":\"https:\\\/\\\/taste-koblenz.de\\\/\",\"url\":\"https:\\\/\\\/taste-koblenz.de\\\/\",\"name\":\"Home - Food- &amp; Genussmesse Koblenz\",\"isPartOf\":{\"@id\":\"https:\\\/\\\/taste-koblenz.de\\\/#website\"},\"primaryImageOfPage\":{\"@id\":\"https:\\\/\\\/taste-koblenz.de\\\/#primaryimage\"},\"image\":{\"@id\":\"https:\\\/\\\/taste-koblenz.de\\\/#primaryimage\"},\"thumbnailUrl\":\"https:\\\/\\\/taste-koblenz.de\\\/wp-content\\\/uploads\\\/2025\\\/07\\\/gute-prasentation-der-pizza-683x1024.webp\",\"datePublished\":\"2025-03-27T13:19:03+00:00\",\"dateModified\":\"2026-03-27T14:38:41+00:00\",\"breadcrumb\":{\"@id\":\"https:\\\/\\\/taste-koblenz.de\\\/#breadcrumb\"},\"inLanguage\":\"de\",\"potentialAction\":[{\"@type\":\"ReadAction\",\"target\":[\"https:\\\/\\\/taste-koblenz.de\\\/\"]}]},{\"@type\":\"ImageObject\",\"inLanguage\":\"de\",\"@id\":\"https:\\\/\\\/taste-koblenz.de\\\/#primaryimage\",\"url\":\"https:\\\/\\\/taste-koblenz.de\\\/wp-content\\\/uploads\\\/2025\\\/07\\\/gute-prasentation-der-pizza-683x1024.webp\",\"contentUrl\":\"https:\\\/\\\/taste-koblenz.de\\\/wp-content\\\/uploads\\\/2025\\\/07\\\/gute-prasentation-der-pizza-683x1024.webp\"},{\"@type\":\"BreadcrumbList\",\"@id\":\"https:\\\/\\\/taste-koblenz.de\\\/#breadcrumb\",\"itemListElement\":[{\"@type\":\"ListItem\",\"position\":1,\"name\":\"Startseite\",\"item\":\"https:\\\/\\\/taste-koblenz.de\\\/\"},{\"@type\":\"ListItem\",\"position\":2,\"name\":\"Home\"}]},{\"@type\":\"WebSite\",\"@id\":\"https:\\\/\\\/taste-koblenz.de\\\/#website\",\"url\":\"https:\\\/\\\/taste-koblenz.de\\\/\",\"name\":\"Food- &amp; Genussmesse Koblenz\",\"description\":\"\",\"potentialAction\":[{\"@type\":\"SearchAction\",\"target\":{\"@type\":\"EntryPoint\",\"urlTemplate\":\"https:\\\/\\\/taste-koblenz.de\\\/?s={search_term_string}\"},\"query-input\":{\"@type\":\"PropertyValueSpecification\",\"valueRequired\":true,\"valueName\":\"search_term_string\"}}],\"inLanguage\":\"de\"}]}<\/script>\n<!-- \/ Yoast SEO plugin. -->","yoast_head_json":{"title":"Home - Food- &amp; Genussmesse Koblenz","robots":{"index":"index","follow":"follow","max-snippet":"max-snippet:-1","max-image-preview":"max-image-preview:large","max-video-preview":"max-video-preview:-1"},"canonical":"https:\/\/taste-koblenz.de\/","og_locale":"de_DE","og_type":"article","og_title":"Home - Food- &amp; Genussmesse Koblenz","og_description":"Die Food &amp; Genussmesse Die Food &amp; Genussmesse Entdecken. Probieren. Genie\u00dfen. Die erste gro\u00dfe Food- &amp; Genussmesse der Region feiert Premiere \u2013 mit allem, was das Herz von Feinschmeckern, Genussliebhabern und Kulinarik-Fans h\u00f6herschlagen l\u00e4sst. Zwei Tage voller Geschmack, Vielfalt und Inspiration.Von handverlesenen Spezialit\u00e4ten \u00fcber edle Tropfen bis hin zu kleinen Manufakturen, die mit Herzblut produzieren [&hellip;]","og_url":"https:\/\/taste-koblenz.de\/","og_site_name":"Food- &amp; Genussmesse Koblenz","article_modified_time":"2026-03-27T14:38:41+00:00","og_image":[{"width":800,"height":1200,"url":"https:\/\/taste-koblenz.de\/wp-content\/uploads\/2025\/07\/gute-prasentation-der-pizza.webp","type":"image\/webp"}],"twitter_card":"summary_large_image","twitter_misc":{"Gesch\u00e4tzte Lesezeit":"2\u00a0Minuten"},"schema":{"@context":"https:\/\/schema.org","@graph":[{"@type":"WebPage","@id":"https:\/\/taste-koblenz.de\/","url":"https:\/\/taste-koblenz.de\/","name":"Home - Food- &amp; Genussmesse Koblenz","isPartOf":{"@id":"https:\/\/taste-koblenz.de\/#website"},"primaryImageOfPage":{"@id":"https:\/\/taste-koblenz.de\/#primaryimage"},"image":{"@id":"https:\/\/taste-koblenz.de\/#primaryimage"},"thumbnailUrl":"https:\/\/taste-koblenz.de\/wp-content\/uploads\/2025\/07\/gute-prasentation-der-pizza-683x1024.webp","datePublished":"2025-03-27T13:19:03+00:00","dateModified":"2026-03-27T14:38:41+00:00","breadcrumb":{"@id":"https:\/\/taste-koblenz.de\/#breadcrumb"},"inLanguage":"de","potentialAction":[{"@type":"ReadAction","target":["https:\/\/taste-koblenz.de\/"]}]},{"@type":"ImageObject","inLanguage":"de","@id":"https:\/\/taste-koblenz.de\/#primaryimage","url":"https:\/\/taste-koblenz.de\/wp-content\/uploads\/2025\/07\/gute-prasentation-der-pizza-683x1024.webp","contentUrl":"https:\/\/taste-koblenz.de\/wp-content\/uploads\/2025\/07\/gute-prasentation-der-pizza-683x1024.webp"},{"@type":"BreadcrumbList","@id":"https:\/\/taste-koblenz.de\/#breadcrumb","itemListElement":[{"@type":"ListItem","position":1,"name":"Startseite","item":"https:\/\/taste-koblenz.de\/"},{"@type":"ListItem","position":2,"name":"Home"}]},{"@type":"WebSite","@id":"https:\/\/taste-koblenz.de\/#website","url":"https:\/\/taste-koblenz.de\/","name":"Food- &amp; Genussmesse Koblenz","description":"","potentialAction":[{"@type":"SearchAction","target":{"@type":"EntryPoint","urlTemplate":"https:\/\/taste-koblenz.de\/?s={search_term_string}"},"query-input":{"@type":"PropertyValueSpecification","valueRequired":true,"valueName":"search_term_string"}}],"inLanguage":"de"}]}},"_links":{"self":[{"href":"https:\/\/taste-koblenz.de\/index.php?rest_route=\/wp\/v2\/pages\/11","targetHints":{"allow":["GET"]}}],"collection":[{"href":"https:\/\/taste-koblenz.de\/index.php?rest_route=\/wp\/v2\/pages"}],"about":[{"href":"https:\/\/taste-koblenz.de\/index.php?rest_route=\/wp\/v2\/types\/page"}],"author":[{"embeddable":true,"href":"https:\/\/taste-koblenz.de\/index.php?rest_route=\/wp\/v2\/users\/1"}],"replies":[{"embeddable":true,"href":"https:\/\/taste-koblenz.de\/index.php?rest_route=%2Fwp%2Fv2%2Fcomments&post=11"}],"version-history":[{"count":19,"href":"https:\/\/taste-koblenz.de\/index.php?rest_route=\/wp\/v2\/pages\/11\/revisions"}],"predecessor-version":[{"id":742,"href":"https:\/\/taste-koblenz.de\/index.php?rest_route=\/wp\/v2\/pages\/11\/revisions\/742"}],"wp:attachment":[{"href":"https:\/\/taste-koblenz.de\/index.php?rest_route=%2Fwp%2Fv2%2Fmedia&parent=11"}],"curies":[{"name":"wp","href":"https:\/\/api.w.org\/{rel}","templated":true}]}}